{"id":3984,"date":"2020-11-02T23:19:37","date_gmt":"2020-11-02T21:19:37","guid":{"rendered":"https:\/\/www.fahrwerk-berlin.de\/wp\/?post_type=product&#038;p=3984"},"modified":"2025-03-05T16:47:33","modified_gmt":"2025-03-05T14:47:33","slug":"fahrwerk-t-shirt","status":"publish","type":"product","link":"https:\/\/www.fahrwerk-berlin.de\/wp\/produkt\/fahrwerk-t-shirt\/","title":{"rendered":"Fahrwerk T-Shirt"},"content":{"rendered":"","protected":false},"excerpt":{"rendered":"<p class=\"p1\"><span class=\"s1\"><b>Our webshop is currently closed for maintenance but if you\u2019d like to order something, then just email us serv&#105;&#99;&#101;&#64;&#102;&#97;&#104;&#x72;&#x77;&#x65;&#x72;&#x6b;&#x2d;&#x62;&#x65;&#x72;lin&#46;&#100;&#101;. This listed price is incl. tax.<br \/>\n<\/b><\/span><\/p>\n<p class=\"p1\"><span class=\"s1\"><b>Unser Webshop ist derzeit wegen Wartungsarbeiten geschlossen, aber wenn ihr etwas bestellen m\u00f6chtet dann schickt uns einfach eine E-Mail an &#115;e&#114;v&#105;c&#x65;&#64;&#x66;a&#x68;r&#x77;e&#x72;k&#x2d;b&#x65;r&#x6c;i&#x6e;&#46;&#x64;&#101;. Der angegebene Preis enth\u00e4lt 19% Mwst.<\/b><\/span><\/p>\n<p>Fahrwerk T-Shirts<\/p>\n<p class=\"p1\"><span class=\"s1\">Die T-Shirts haben ein gro\u00dfes Ritzel Motiv auf der Vorderseite. Entwurf:\u00a0<a href=\"https:\/\/www.vonjott.com\/\"><span class=\"s2\">Julia #82<\/span><\/a>\u00a0<a href=\"http:\/\/instagram.com\/vonjott\"><span class=\"s2\">@vonjott<\/span><\/a>. Gedruckt werden sie quasi um die Ecke von unserem B\u00fcro bei der lokalen Siebdruckerei\u00a0<a href=\"http:\/\/www.blackinkpress.net\/\"><span class=\"s2\">Black Ink<\/span><\/a>\u00a0in Neuk\u00f6lln. Wir haben vegane bio unisex T-Shirts ausgew\u00e4hlt, die auf mehrere Arten gut sind: Sie sind mit reduziertem CO<\/span><span class=\"s3\">\u2082<\/span><span class=\"s1\"> Aussto\u00df hergestellt und aus Fairtrade 100% BIO-Baumwolle (GOTS und Fairtrade-zertifiziert, <\/span><span class=\"s4\">155g\/m\u00b2<\/span><span class=\"s1\">).<\/span><span class=\"s5\"> Die verwendete Tinte ist vegan und umweltfreundlich, und mit einem besonderen Verfahren mit dem Stoff versiegelt \u2013 das Resultat ist ein brilliantweiss, das atmungsaktiv ist und auch nach wiederholtem Waschen weiss bleibt.\u00a0Sie fallen etwas gr\u00f6\u00dfer aus, wenn du also zwischen zwei Gr\u00f6\u00dfen schwankst, w\u00fcrden wir die kleinere empfehlen.<\/span><\/p>\n<p>&nbsp;<\/p>\n<p><strong>Fahrwerk Long Sleeve T-Shirt<\/strong><\/p>\n<p>T-shirts have a large Fahrwerk cog design in the centre, designed by <span class=\"s1\"><a href=\"https:\/\/www.vonjott.com\/\"><span class=\"s2\">Julia #82<\/span><\/a>\u00a0<a href=\"http:\/\/instagram.com\/vonjott\"><span class=\"s2\">@vonjott<\/span><\/a>. <\/span>. They&#8217;re all printed round the corner from our office by local screen printers, <a href=\"http:\/\/blackinkpress.net\/\" target=\"_blank\" rel=\"noopener noreferrer\">Black Ink<\/a>, in Neuk\u00f6lln. We&#8217;ve chosen unisex, short sleeve t-shirts with all the good things: vegan, organic with a reduced CO\u2082 footprint, and 100% fairtrade-cotton. The ink is vegan and environmentally-friendly, and is specially sealed into the textile &#8211; the result is a brilliant white that remains brilliant white even after washing.<\/p>\n","protected":false},"featured_media":4014,"comment_status":"open","ping_status":"closed","template":"","meta":[],"product_brand":[],"product_cat":[108],"product_tag":[],"class_list":{"0":"post-3984","1":"product","2":"type-product","3":"status-publish","4":"has-post-thumbnail","6":"product_cat-unkategorisiert","8":"first","9":"instock","10":"taxable","11":"shipping-taxable","12":"purchasable","13":"product-type-simple"},"_links":{"self":[{"href":"https:\/\/www.fahrwerk-berlin.de\/wp\/wp-json\/wp\/v2\/product\/3984","targetHints":{"allow":["GET"]}}],"collection":[{"href":"https:\/\/www.fahrwerk-berlin.de\/wp\/wp-json\/wp\/v2\/product"}],"about":[{"href":"https:\/\/www.fahrwerk-berlin.de\/wp\/wp-json\/wp\/v2\/types\/product"}],"replies":[{"embeddable":true,"href":"https:\/\/www.fahrwerk-berlin.de\/wp\/wp-json\/wp\/v2\/comments?post=3984"}],"wp:featuredmedia":[{"embeddable":true,"href":"https:\/\/www.fahrwerk-berlin.de\/wp\/wp-json\/wp\/v2\/media\/4014"}],"wp:attachment":[{"href":"https:\/\/www.fahrwerk-berlin.de\/wp\/wp-json\/wp\/v2\/media?parent=3984"}],"wp:term":[{"taxonomy":"product_brand","embeddable":true,"href":"https:\/\/www.fahrwerk-berlin.de\/wp\/wp-json\/wp\/v2\/product_brand?post=3984"},{"taxonomy":"product_cat","embeddable":true,"href":"https:\/\/www.fahrwerk-berlin.de\/wp\/wp-json\/wp\/v2\/product_cat?post=3984"},{"taxonomy":"product_tag","embeddable":true,"href":"https:\/\/www.fahrwerk-berlin.de\/wp\/wp-json\/wp\/v2\/product_tag?post=3984"}],"curies":[{"name":"wp","href":"https:\/\/api.w.org\/{rel}","templated":true}]}}