{"id":4394,"date":"2022-01-22T15:44:55","date_gmt":"2022-01-22T13:44:55","guid":{"rendered":"https:\/\/www.fahrwerk-berlin.de\/wp\/?page_id=4394"},"modified":"2022-01-25T11:29:12","modified_gmt":"2022-01-25T09:29:12","slug":"widerrufsbelehrung","status":"publish","type":"page","link":"https:\/\/www.fahrwerk-berlin.de\/wp\/shop\/widerrufsbelehrung\/","title":{"rendered":"Widerrufsbelehrung"},"content":{"rendered":"<h1>Belehrung \u00fcber das Widerrufsrecht f\u00fcr Verbraucher<\/h1>\n<h2>Widerrufsbelehrung<\/h2>\n<p>Verbraucher ist jede nat\u00fcrliche Person, die eine Bestellung zu einem Zweck abgibt, die \u00fcberwiegend weder ihrer gewerblichen noch ihrer selbst\u00e4ndigen beruflichen T\u00e4tigkeit zugerechnet werden kann.<\/p>\n<h2>Widerrufsrecht<\/h2>\n<p>Sie haben das Recht, binnen vierzehn Tagen ohne Angabe von Gr\u00fcnden diesen Vertrag zu widerrufen.<\/p>\n<p>Die Widerrufsfrist betr\u00e4gt vierzehn Tage ab dem Tag, an dem Sie oder ein von Ihnen benannter Dritter, der nicht der Bef\u00f6rderer ist, die Waren in Besitz genommen haben bzw. hat.<\/p>\n<p>Um Ihr Widerrufsrecht auszu\u00fcben, m\u00fcssen Sie dem Verk\u00e4ufer (Fahrwerk Kurierkollektiv GmbH, Am Treptower Park 17, 12435 Berlin, &#x73;&#x68;&#111;p&#x40;&#x66;&#97;&#104;r&#x77;&#x65;&#114;&#107;-&#x62;&#x65;&#114;li&#x6e;&#x2e;&#100;e) mittels einer eindeutigen Erkl\u00e4rung (z.B. ein mit der Post versandter Brief oder E-Mail) \u00fcber Ihren Entschluss, diesen Vertrag zu widerrufen, informieren. Sie k\u00f6nnen daf\u00fcr das beigef\u00fcgte Muster-Widerrufsformular verwenden, das jedoch nicht vorgeschrieben ist.<\/p>\n<p>Zur Wahrung der Widerrufsfrist reicht es aus, dass Sie die Mitteilung \u00fcber die Aus\u00fcbung des Widerrufsrechts vor Ablauf der Widerrufsfrist absenden.<\/p>\n<h2>Folgen des Widerrufs<\/h2>\n<p>Wenn Sie diesen Vertrag widerrufen, haben wir Ihnen alle Zahlungen, die wir von Ihnen erhalten haben, einschlie\u00dflich der Lieferkosten (mit Ausnahme der zus\u00e4tzlichen Kosten, die sich daraus ergeben, dass Sie eine andere Art der Lieferung als die vom Verk\u00e4ufer angebotene, g\u00fcnstigste Standardlieferung gew\u00e4hlt haben), unverz\u00fcglich und sp\u00e4testens binnen vierzehn Tagen ab dem Tag zur\u00fcckzuzahlen, an dem die Mitteilung \u00fcber Ihren Widerruf dieses Vertrags beim Verk\u00e4ufer eingegangen ist.<\/p>\n<p>F\u00fcr diese R\u00fcckzahlung verwenden wir dasselbe Zahlungsmittel, das Sie bei der urspr\u00fcnglichen Transaktion eingesetzt haben, es sei denn, mit Ihnen wurde ausdr\u00fccklich etwas anderes vereinbart; in keinem Fall werden Ihnen wegen dieser R\u00fcckzahlung Entgelte berechnet. Wir k\u00f6nnen die R\u00fcckzahlung verweigern, bis wir die Waren wieder zur\u00fcckerhalten haben oder bis Sie den Nachweis erbracht haben, dass Sie die Waren zur\u00fcckgesandt haben, je nachdem, welches der fr\u00fchere Zeitpunkt ist.<\/p>\n<p>Sie haben die Waren unverz\u00fcglich und in jedem Fall sp\u00e4testens binnen vierzehn Tagen ab dem Tag, an dem Sie dem Verk\u00e4ufer \u00fcber den Widerruf dieses Vertrags unterrichten, an den Verk\u00e4ufer zur\u00fcckzusenden oder diesem \u00fcbergeben. Die Frist ist gewahrt, wenn Sie die Waren vor Ablauf der Frist von vierzehn Tagen absenden.<\/p>\n<p>Sie tragen die unmittelbaren Kosten der R\u00fccksendung der Waren.<\/p>\n<p>Sie m\u00fcssen f\u00fcr einen etwaigen Wertverlust der Waren nur aufkommen, wenn dieser Wertverlust auf einen zur Pr\u00fcfung der Beschaffenheit, Eigenschaften und Funktionsweise der Waren nicht notwendigen Umgang mit ihnen zur\u00fcckzuf\u00fchren ist.<\/p>\n<h2>Muster-Widerrufsformular<\/h2>\n<p>Wenn Sie den Vertrag widerrufen wollen, dann f\u00fcllen Sie bitte dieses Formular aus und senden Sie es zur\u00fcck:<\/p>\n<p><code>An<br \/>\nFahrwerk Kurierkollektiv GmbH<br \/>\nAm Treptower Park 17<br \/>\n12435 Berlin<br \/>\n&#x73;&#x68;&#111;p&#x40;&#x66;&#97;&#104;r&#x77;&#x65;&#114;&#107;-&#x62;&#x65;&#114;li&#x6e;&#x2e;&#100;e<\/code><\/p>\n<p><code>Hiermit widerrufe(n) ich\/wir(*) den von mir\/uns(*) abgeschlossenen Vertrag \u00fcber den Kauf der folgenden Waren(*)\/ die Erbringung der folgenden Dienstleistung(*):<\/code><\/p>\n<p><code>Bestellt am(*)\/erhalten am(*):<br \/>\nName des\/der Verbraucher(s):<br \/>\nAnschrift des\/der Verbraucher(s):<br \/>\nUnterschrift des\/der Verbraucher(s) (nur bei Mitteilung auf Papier):<br \/>\nDatum:<br \/>\n\u2014\u2014\u2014\u2014\u2014\u2014\u2014\u2014\u2014\u2014\u2014\u2014\u2014<br \/>\n(*) Unzutreffendes streichen.<\/code><\/p>\n<h2>Ausschluss bzw. vorzeitiges Erl\u00f6schen des Widerrufsrechts<\/h2>\n<p>Das Widerrufsrecht besteht nicht bei Vertr\u00e4gen<br \/>\n\u2013 zur Lieferung von Waren, die nicht vorgefertigt sind und f\u00fcr deren Herstellung eine individuelle Auswahl oder Bestimmung durch den Verbraucher ma\u00dfgeblich ist oder die eindeutig auf die pers\u00f6nlichen Bed\u00fcrfnisse des Verbrauchers zugeschnitten sind;<br \/>\n\u2013 zur Lieferung von Waren, die schnell verderben k\u00f6nnen oder deren Verfallsdatum schnell \u00fcberschritten w\u00fcrde;<br \/>\n\u2013 zur Lieferung alkoholischer Getr\u00e4nke, deren Preis bei Vertragsschluss vereinbart wurde, die aber fr\u00fchestens 30 Tage nach Vertragsschluss geliefert werden k\u00f6nnen und deren aktueller Wert von Schwankungen auf dem Markt abh\u00e4ngt, auf die der Unternehmer keinen Einfluss hat;<br \/>\n\u2013 zur Lieferung von Zeitungen, Zeitschriften oder Illustrierten mit Ausnahme von Abonnement-Vertr\u00e4gen.<\/p>\n<p>Das Widerrufsrecht erlischt vorzeitig bei Vertr\u00e4gen<br \/>\n\u2013 zur Lieferung versiegelter Waren, die aus Gr\u00fcnden des Gesundheitsschutzes oder der Hygiene nicht zur R\u00fcckgabe geeignet sind, wenn ihre Versiegelung nach der Lieferung entfernt wurde;<br \/>\n\u2013 zur Lieferung von Waren, wenn diese nach der Lieferung auf Grund ihrer Beschaffenheit untrennbar mit anderen G\u00fctern vermischt wurden;<br \/>\nzur Lieferung von Ton- oder Videoaufnahmen oder Computersoftware in einer versiegelten Packung, wenn die Versiegelung nach der Lieferung entfernt wurde.<\/p>\n<h2>R\u00fccksendungen<\/h2>\n<p>Die in diesem Abschnitt genannten Modalit\u00e4ten sind nicht Voraussetzung f\u00fcr die wirksame Aus\u00fcbung des Widerrufsrechts.<\/p>\n<p>Kunden werden vor R\u00fccksendung gebeten, die R\u00fccksendung beim Verk\u00e4ufer zu melden, um die R\u00fccksendung anzuk\u00fcndigen:<br \/>\nFahrwerk Kurierkollektiv GmbH<br \/>\nAm Treptower Park 17<br \/>\n12435 Berlin<br \/>\ns&#104;&#x6f;&#x70;&#64;&#102;&#x61;&#x68;r&#119;&#x65;&#x72;k&#45;&#x62;&#x65;r&#108;&#x69;&#x6e;&#46;&#100;&#101;<\/p>\n<p>Auf diese Weise erm\u00f6glichen sie dem Verk\u00e4ufer eine schnellstm\u00f6gliche Zuordnung der Produkte.<\/p>\n<p>Kunden werden gebeten, die Ware als frankiertes Paket an den Verk\u00e4ufer zur\u00fcckzusenden und den Einlieferbeleg aufzubewahren. Der Verk\u00e4ufer erstattet dem Kunden auf Wunsch vorab die Portokosten, sofern diese nicht vom K\u00e4ufer selbst zu tragen sind.<\/p>\n<p>Kunden werden gebeten, Besch\u00e4digungen oder Verunreinigungen der Ware zu vermeiden. Die Ware sollte nach M\u00f6glichkeit in Originalverpackung mit s\u00e4mtlichem Zubeh\u00f6r an den Verk\u00e4ufer zur\u00fcckgesendet werden. Ist die Originalverpackung nicht mehr im Besitz des K\u00e4ufers, sollte eine andere geeignete Verpackung verwendet werden, um f\u00fcr einen ausreichenden Schutz vor Transportsch\u00e4den zu sorgen und etwaige Schadensersatzanspr\u00fcche wegen Besch\u00e4digungen infolge mangelhafter Verpackung zu vermeiden.<\/p>\n","protected":false},"excerpt":{"rendered":"<p>Belehrung \u00fcber das Widerrufsrecht f\u00fcr Verbraucher Widerrufsbelehrung Verbraucher ist jede nat\u00fcrliche Person, die eine Bestellung zu einem Zweck abgibt, die \u00fcberwiegend weder ihrer gewerblichen noch ihrer selbst\u00e4ndigen beruflichen T\u00e4tigkeit zugerechnet werden kann. Widerrufsrecht Sie haben das Recht, binnen vierzehn Tagen ohne Angabe von Gr\u00fcnden diesen Vertrag zu widerrufen. Die Widerrufsfrist betr\u00e4gt vierzehn Tage ab dem [&hellip;]<\/p>\n","protected":false},"author":6,"featured_media":0,"parent":2666,"menu_order":0,"comment_status":"closed","ping_status":"closed","template":"","meta":{"footnotes":""},"class_list":["post-4394","page","type-page","status-publish","hentry"],"_links":{"self":[{"href":"https:\/\/www.fahrwerk-berlin.de\/wp\/wp-json\/wp\/v2\/pages\/4394","targetHints":{"allow":["GET"]}}],"collection":[{"href":"https:\/\/www.fahrwerk-berlin.de\/wp\/wp-json\/wp\/v2\/pages"}],"about":[{"href":"https:\/\/www.fahrwerk-berlin.de\/wp\/wp-json\/wp\/v2\/types\/page"}],"author":[{"embeddable":true,"href":"https:\/\/www.fahrwerk-berlin.de\/wp\/wp-json\/wp\/v2\/users\/6"}],"replies":[{"embeddable":true,"href":"https:\/\/www.fahrwerk-berlin.de\/wp\/wp-json\/wp\/v2\/comments?post=4394"}],"version-history":[{"count":9,"href":"https:\/\/www.fahrwerk-berlin.de\/wp\/wp-json\/wp\/v2\/pages\/4394\/revisions"}],"predecessor-version":[{"id":4430,"href":"https:\/\/www.fahrwerk-berlin.de\/wp\/wp-json\/wp\/v2\/pages\/4394\/revisions\/4430"}],"up":[{"embeddable":true,"href":"https:\/\/www.fahrwerk-berlin.de\/wp\/wp-json\/wp\/v2\/pages\/2666"}],"wp:attachment":[{"href":"https:\/\/www.fahrwerk-berlin.de\/wp\/wp-json\/wp\/v2\/media?parent=4394"}],"curies":[{"name":"wp","href":"https:\/\/api.w.org\/{rel}","templated":true}]}}